{"id":9384,"date":"2025-06-06T12:57:57","date_gmt":"2025-06-06T12:57:57","guid":{"rendered":"https:\/\/reflexologie-douce.fr\/accueil\/?page_id=9384"},"modified":"2025-06-30T09:35:41","modified_gmt":"2025-06-30T09:35:41","slug":"mentions-legales","status":"publish","type":"page","link":"https:\/\/reflexologie-douce.fr\/accueil\/mentions-legales\/","title":{"rendered":"Mentions l\u00e9gales"},"content":{"rendered":"\t\t<div data-elementor-type=\"wp-page\" data-elementor-id=\"9384\" class=\"elementor elementor-9384\">\n\t\t\t\t<div class=\"elementor-element elementor-element-38c464f e-flex e-con-boxed e-con e-parent\" data-id=\"38c464f\" data-element_type=\"container\" data-settings=\"{&quot;background_background&quot;:&quot;classic&quot;}\">\n\t\t\t\t\t<div class=\"e-con-inner\">\n\t\t<div class=\"elementor-element elementor-element-c2156e9 e-flex e-con-boxed e-con e-child\" data-id=\"c2156e9\" data-element_type=\"container\" data-settings=\"{&quot;background_background&quot;:&quot;classic&quot;}\">\n\t\t\t\t\t<div class=\"e-con-inner\">\n\t\t\t\t<div class=\"elementor-element elementor-element-76fbeed elementor-widget elementor-widget-spacer\" data-id=\"76fbeed\" data-element_type=\"widget\" data-widget_type=\"spacer.default\">\n\t\t\t\t<div class=\"elementor-widget-container\">\n\t\t\t\t\t\t\t<div class=\"elementor-spacer\">\n\t\t\t<div class=\"elementor-spacer-inner\"><\/div>\n\t\t<\/div>\n\t\t\t\t\t\t<\/div>\n\t\t\t\t<\/div>\n\t\t\t\t<div class=\"elementor-element elementor-element-1942238 elementor-widget elementor-widget-heading\" data-id=\"1942238\" data-element_type=\"widget\" data-widget_type=\"heading.default\">\n\t\t\t\t<div class=\"elementor-widget-container\">\n\t\t\t\t\t<h2 class=\"elementor-heading-title elementor-size-default\">Mentions l\u00e9gales<\/h2>\t\t\t\t<\/div>\n\t\t\t\t<\/div>\n\t\t\t\t<div class=\"elementor-element elementor-element-d4b87f5 elementor-widget-divider--view-line elementor-widget elementor-widget-divider\" data-id=\"d4b87f5\" data-element_type=\"widget\" data-widget_type=\"divider.default\">\n\t\t\t\t<div class=\"elementor-widget-container\">\n\t\t\t\t\t\t\t<div class=\"elementor-divider\">\n\t\t\t<span class=\"elementor-divider-separator\">\n\t\t\t\t\t\t<\/span>\n\t\t<\/div>\n\t\t\t\t\t\t<\/div>\n\t\t\t\t<\/div>\n\t\t\t\t<div class=\"elementor-element elementor-element-5f654e3 elementor-widget elementor-widget-text-editor\" data-id=\"5f654e3\" data-element_type=\"widget\" data-widget_type=\"text-editor.default\">\n\t\t\t\t<div class=\"elementor-widget-container\">\n\t\t\t\t\t\t\t\t\t\n<p><strong>Article 1 : Pr\u00e9sentation du site<br \/><\/strong><\/p>\n<p>En vertu de l\u2019article 6 de la loi n\u00b0 2004-575 du 21 juin 2004 pour la confiance dans l\u2019\u00e9conomie num\u00e9rique, il est pr\u00e9cis\u00e9 aux utilisateurs du site <a href=\"https:\/\/www.sante-reflexologie.fr\" target=\"_blank\" rel=\"noopener\">https:\/\/www.sante-reflexologie.fr<\/a> \u00a0l\u2019identit\u00e9 des diff\u00e9rents intervenants dans le cadre de sa r\u00e9alisation et de son suivi :<\/p>\n<p>Propri\u00e9taire : Fran\u00e7oise BERNAL \u2013 Activit\u00e9 d\u00e9clar\u00e9e autoentrepreneur -Siret :\u00a0 en cours\u00a0 \u2013 19 rue de la petite Colline 34\u00a0340 Marseillan<\/p>\n<p>H\u00e9bergeur\u00a0: FASSTER &#8211; NOADMIN SAS 13 bis Avenue de la Motte-Picquet &#8211; Paris, \u00cele-de-France 75007<\/p>\n<p>France<\/p>\n\n<h2 class=\"wp-block-heading\"><strong>Article 2 : CONDITIONS G\u00c9N\u00c9RALES D\u2019UTILISATION DU SITE ET DES SERVICES PROPOS\u00c9S.<\/strong><\/h2>\n<p>L\u2019utilisation du site <a href=\"https:\/\/www.reflexologie-douce.fr\">https:\/\/www.reflexologie-douce.fr<\/a> implique l\u2019acceptation pleine et enti\u00e8re des conditions g\u00e9n\u00e9rales d\u2019utilisation ci-apr\u00e8s d\u00e9crites. Ces conditions d\u2019utilisation sont susceptibles d\u2019\u00eatre modifi\u00e9es ou compl\u00e9t\u00e9es \u00e0 tout moment, les utilisateurs du site <a href=\"https:\/\/www.reflexologie-douce.fr\">https:\/\/www.reflexologie-douce<\/a>.fr sont donc invit\u00e9s \u00e0 les consulter de mani\u00e8re r\u00e9guli\u00e8re.<\/p>\n<p>Ce site est normalement accessible \u00e0 tout moment aux utilisateurs. Une interruption pour raison de maintenance technique peut \u00eatre toutefois d\u00e9cid\u00e9e par Fran\u00e7oise BERNAL.<\/p>\n<p>Le site <a href=\"https:\/\/www.reflexologie-douce.fr\">https:\/\/www.reflexologie-douce.fr<\/a> est mis \u00e0 jour r\u00e9guli\u00e8rement par Fran\u00e7oise BERNAL. De la m\u00eame fa\u00e7on, les mentions l\u00e9gales peuvent \u00eatre modifi\u00e9es \u00e0 tout moment : elles s\u2019imposent n\u00e9anmoins \u00e0 l\u2019utilisateur qui est invit\u00e9 \u00e0 s\u2019y r\u00e9f\u00e9rer le plus souvent possible afin d\u2019en prendre connaissance.<strong>\u00a0<\/strong><\/p>\n\n<h2 class=\"wp-block-heading\"><strong>Article 3 : DESCRIPTION DES SERVICES FOURNIS.<\/strong><\/h2>\n<p>Le site <a href=\"https:\/\/www.reflexologie-douce.fr\">https:\/\/www.reflexologie-douce.fr <\/a>a pour objet de fournir une information concernant l\u2019ensemble des activit\u00e9s de Fran\u00e7oise BERNAL.<\/p>\n<p>Fran\u00e7oise BERNAL s\u2019efforce de fournir sur le site <a href=\"https:\/\/www.reflexologie-douce.fr\">https:\/\/www.reflexologie-douce.fr<\/a> des informations aussi pr\u00e9cises que possible. Toutefois, elle ne pourra \u00eatre tenue responsable des omissions, des inexactitudes et des carences dans la mise \u00e0 jour, qu\u2019elles soient de son fait ou du fait des tiers partenaires qui lui fournissent ces informations.<\/p>\n<p>Toutes les informations indiqu\u00e9es sur le site <a href=\"https:\/\/www.reflexologie-douce.fr\">https:\/\/www.reflexologie-douce.fr\u00a0<\/a> sont donn\u00e9es \u00e0 titre indicatif, et sont susceptibles d\u2019\u00e9voluer. Par ailleurs, les renseignements figurant sur le site https:\/\/www.reflexologie-douce.fr ne sont pas exhaustifs. Ils sont donn\u00e9s sous r\u00e9serve de modifications ayant \u00e9t\u00e9 apport\u00e9es depuis leur mise en ligne.<strong>\u00a0<\/strong><\/p>\n\n<h2 class=\"wp-block-heading\"><strong>Article 4 : LIMITATIONS CONTRACTUELLES SUR LES DONN\u00c9ES TECHNIQUES.<\/strong><\/h2>\n<p>Le site utilise la technologie JavaScript.<\/p>\n<p>Le site est h\u00e9berg\u00e9 chez le prestataire FASSTER -NOADMIN -PARIS territoire de l\u2019Union Europ\u00e9enne conform\u00e9ment aux dispositions du R\u00e8glement G\u00e9n\u00e9ral sur la Protection des Donn\u00e9es <strong>(RGPD\u00a0: n\u00b0 2016-679)<\/strong><\/p>\n<p>Le site Internet ne pourra \u00eatre tenu responsable de dommages mat\u00e9riels li\u00e9s \u00e0 l\u2019utilisation du site. De plus, l\u2019utilisateur du site s\u2019engage \u00e0 acc\u00e9der au site en utilisant un mat\u00e9riel r\u00e9cent, ne contenant pas de virus et avec un navigateur de derni\u00e8re g\u00e9n\u00e9ration mis-\u00e0-jour.<strong>\u00a0<\/strong><\/p>\n\n<h2 class=\"wp-block-heading\"><strong>Article 5 : PROPRI\u00c9T\u00c9 INTELLECTUELLE ET CONTREFA\u00c7ONS<\/strong><\/h2>\n<p>Fran\u00e7oise BERNAL est propri\u00e9taire des droits de propri\u00e9t\u00e9 intellectuelle ou d\u00e9tient les droits d\u2019usage acquis notamment par abonnement professionnel d\u00e9di\u00e9 des \u00e9l\u00e9ments accessibles sur le site, notamment les textes, images, graphismes, logo, ic\u00f4nes, sons, logiciels.<\/p>\n<p>Toute reproduction, repr\u00e9sentation, modification, publication, adaptation de tout ou partie des \u00e9l\u00e9ments du site, quel que soit le moyen ou le proc\u00e9d\u00e9 utilis\u00e9, est interdite, sauf autorisation \u00e9crite pr\u00e9alable de : Fran\u00e7oise BERNAL.<\/p>\n<p>Toute exploitation non autoris\u00e9e du site ou de l\u2019un quelconque des \u00e9l\u00e9ments qu\u2019il contient sera consid\u00e9r\u00e9e comme constitutive d\u2019une contrefa\u00e7on et poursuivie conform\u00e9ment aux dispositions des articles L.335-2 et suivants du Code de Propri\u00e9t\u00e9 Intellectuelle.<\/p>\n\n<h2 class=\"wp-block-heading\"><strong>Article 6: LIMITATION DE RESPONSABILITE<br \/><\/strong><\/h2>\n<p>Fran\u00e7oise BERNAL ne pourra \u00eatre tenue responsable des dommages directs et indirects caus\u00e9s au mat\u00e9riel de l\u2019utilisateur, lors de l\u2019acc\u00e8s au site https:\/\/www.reflexologie-douce.fr et r\u00e9sultant soit de l\u2019utilisation d\u2019un mat\u00e9riel ne r\u00e9pondant pas aux sp\u00e9cifications indiqu\u00e9es au point 4, soit de l\u2019apparition d\u2019un bug ou d\u2019une incompatibilit\u00e9.<\/p>\n<p>Quels que soient les efforts fournis, aucune m\u00e9thode de transmission sur Internet et aucune m\u00e9thode de stockage \u00e9lectronique n&rsquo;est compl\u00e8tement s\u00fbre.<\/p>\n<p>Fran\u00e7oise BERNAL ne pourra \u00e9galement \u00eatre tenue responsable des dommages indirects (tels par exemple qu\u2019une perte de march\u00e9 ou perte d\u2019une chance) cons\u00e9cutifs \u00e0 l\u2019utilisation du site https:\/\/www.reflexologie-douce.fr<\/p>\n<p>Des espaces interactifs (possibilit\u00e9 de poser des questions dans l\u2019espace contact) sont \u00e0 la disposition des utilisateurs. Fran\u00e7oise BERNAL se r\u00e9serve le droit de supprimer, sans mise en demeure pr\u00e9alable, tout contenu d\u00e9pos\u00e9 dans cet espace qui contreviendrait \u00e0 la l\u00e9gislation applicable en France, en particulier aux dispositions relatives \u00e0 la protection des donn\u00e9es. Le cas \u00e9ch\u00e9ant, Fran\u00e7oise \u00a0BERNAL se r\u00e9serve \u00e9galement la possibilit\u00e9 de mettre en cause la responsabilit\u00e9 civile et\/ou p\u00e9nale de l\u2019utilisateur, notamment en cas de message \u00e0 caract\u00e8re raciste, injurieux, diffamant, ou pornographique, quel que soit le support utilis\u00e9 (texte, photographie\u2026).<\/p>\n<p>Pour assurer la s\u00e9curit\u00e9 et la confidentialit\u00e9 des Donn\u00e9es Personnelles et des Donn\u00e9es Personnelles de Sant\u00e9 Fran\u00e7oise BERNAL\u00a0 rappele que le site sante-reflexologie.fr\u00a0 utilise des r\u00e9seaux prot\u00e9g\u00e9s par des dispositifs standards tels que par pare-feu, la pseudonymisation, l\u2019encryption et mot de passe mis \u00e0 disposition par l\u2019hebergeur.<\/p>\n\n<h2 class=\"wp-block-heading\"><strong>Article 7 : GESTION DES DONN\u00c9ES PERSONNELLES.<\/strong><\/h2>\n<p>En France, les donn\u00e9es personnelles sont notamment prot\u00e9g\u00e9es par\u00a0 la loi du 21 Juin 2014 pour la confiance dans l\u2019Economie Num\u00e9rique, la Loi Informatique et Libert\u00e9 du 06 Ao\u00fbt 2004 ainsi que du R\u00e8glement G\u00e9n\u00e9ral sur la Protection des Donn\u00e9es (RGPD\u00a0: n\u00b0 2016-679).<\/p>\n<p>A l\u2019occasion de l\u2019utilisation du site https:\/\/www.reflexologie-douce.fr peuvent \u00eatre recueillies : l\u2019URL des liens par l\u2019interm\u00e9diaire desquels l\u2019utilisateur a acc\u00e9d\u00e9 au site <a href=\"https:\/\/www.reflexologie-douce.fr\">https:\/\/www.reflexologie-douce.fr<\/a>, le fournisseur d\u2019acc\u00e8s de l\u2019utilisateur, l\u2019adresse de protocole Internet (IP) de l\u2019utilisateur.<\/p>\n<p>En tout \u00e9tat de cause Fran\u00e7oise BERNAL ne collecte des informations personnelles relatives \u00e0 l\u2019utilisateur que pour le besoin de certains services propos\u00e9s par le site <a href=\"https:\/\/www.reflexologie-douce.fr\">https:\/\/www.<\/a>reflexologie-douce.fr. L\u2019utilisateur fournit ces informations en toute connaissance de cause, notamment lorsqu\u2019il proc\u00e8de par lui-m\u00eame \u00e0 leur saisie. Il est alors pr\u00e9cis\u00e9 \u00e0 l\u2019utilisateur du site <a href=\"https:\/\/www.reflexologie-douce.fr\">https:\/\/www.reflexologie-douce.fr<\/a>\u00a0 l\u2019obligation ou non de fournir ces informations.<\/p>\n<p>Les donn\u00e9es sont conserv\u00e9es et archiv\u00e9es par Fran\u00e7oise BERNAL conform\u00e9ment aux dispositions ,de la Loi Informatique et Libert\u00e9 du 06 Ao\u00fbt 2004 ainsi que du R\u00e8glement G\u00e9n\u00e9ral sur la Protection des Donn\u00e9es (RGPD\u00a0: n\u00b0 2016-679) relative \u00e0 l\u2019informatique, aux fichiers et aux libert\u00e9s. Tout utilisateur dispose d\u2019un droit d\u2019acc\u00e8s, de rectification et d\u2019opposition aux donn\u00e9es personnelles le concernant, en effectuant sa demande \u00e9crite directement par mail sur <a href=\"mailto:reflexologie3134@gmail.com\">reflexologie3134@gmail.com<\/a><\/p>\n<p>Aucune information personnelle de l\u2019utilisateur du site <a href=\"https:\/\/www.reflexologie-douce.fr\">https:\/\/www.<\/a>reflexologie-douce.fr\u00a0 n\u2019est publi\u00e9e \u00e0 l\u2019insu de l\u2019utilisateur, \u00e9chang\u00e9e, transf\u00e9r\u00e9e, c\u00e9d\u00e9e ou vendue sur un support quelconque \u00e0 des tiers.<\/p>\n<p>Le site n\u2019est pas d\u00e9clar\u00e9 \u00e0 la CNIL car il ne recueille pas d\u2019informations personnelles.<\/p>\n\n<h2 class=\"wp-block-heading\"><strong>Article 8 :LIENS HYPERTEXTES,COOKIES,TAGS ET BALISES<\/strong><\/h2>\n<p>Le site <a href=\"https:\/\/www.reflexologie-douce.fr\">https:\/\/www.<\/a>reflexologie-douce.fr contient un certain nombre de liens hypertextes vers d\u2019autres sites. Cependant, Fran\u00e7oise BERNAL n\u2019a pas la possibilit\u00e9 de v\u00e9rifier le contenu des sites ainsi visit\u00e9s, et n\u2019assumera en cons\u00e9quence aucune responsabilit\u00e9 de ce fait.<\/p>\n<p>La navigation sur le site <a href=\"https:\/\/www.reflexologie-douce.fr\">https:\/\/www.<\/a>reflexologie-douce.fr est susceptible de provoquer l\u2019installation de cookie(s) sur l\u2019ordinateur de l\u2019utilisateur. Un cookie est un fichier de petite taille, qui ne permet pas l\u2019identification de l\u2019utilisateur, mais qui enregistre des informations relatives \u00e0 la navigation d\u2019un ordinateur sur un site. Les donn\u00e9es ainsi obtenues visent \u00e0 faciliter la navigation ult\u00e9rieure sur le site, et ont \u00e9galement vocation \u00e0 permettre diverses mesures de fr\u00e9quentation.<\/p>\n<p>Le refus d\u2019installation d\u2019un cookie peut entra\u00eener l\u2019impossibilit\u00e9 d\u2019acc\u00e9der \u00e0 certains services. L\u2019utilisateur peut toutefois configurer son ordinateur de la mani\u00e8re suivante, pour refuser l\u2019installation des cookies.<\/p>\n<p>Un \u00ab\u00a0cookie\u00a0\u00bb est un petit fichier d\u2019information envoy\u00e9 sur le navigateur de l\u2019Utilisateur et enregistr\u00e9 au sein du terminal de l\u2019Utilisateur (ex\u00a0: ordinateur, smartphone), (ci-apr\u00e8s \u00ab\u00a0Cookies\u00a0\u00bb). Ce fichier comprend des informations telles que le nom de domaine de l\u2019Utilisateur, le fournisseur d\u2019acc\u00e8s Internet de l\u2019Utilisateur, le syst\u00e8me d\u2019exploitation de l\u2019Utilisateur, ainsi que la date et l\u2019heure d\u2019acc\u00e8s. Les Cookies ne risquent en aucun cas d\u2019endommager le terminal de l\u2019Utilisateur.<\/p>\n<p>Le site <a href=\"https:\/\/www.reflexologie-douce.fr\">https:\/\/www.<\/a>reflexologie-douce.fr est susceptible d\u2019employer occasionnellement des balises Internet (\u00e9galement appel\u00e9es \u00ab tags \u00bb, ou balises d\u2019action, GIF \u00e0 un pixel, GIF transparents, GIF invisibles et GIF un \u00e0 un) et de les d\u00e9ployer par l\u2019interm\u00e9diaire d\u2019un partenaire sp\u00e9cialiste d\u2019analyses Web susceptible de se trouver (et donc de stocker les informations correspondantes, y compris l\u2019adresse IP de l\u2019Utilisateur) dans un pays \u00e9tranger. Ces balises peuvent \u00eatre plac\u00e9es \u00e0 la fois dans les publicit\u00e9s en ligne permettant aux internautes d\u2019acc\u00e9der au Site, et sur les diff\u00e9rentes pages de celui-ci.<\/p>\n<p>Cette technologie permettant d\u2019\u00e9valuer les r\u00e9ponses des visiteurs face au site <a href=\"https:\/\/www.reflexologie-douce.fr\">https:\/\/www.reflexologie-douce.fr<\/a> \u00a0\u00a0 et l\u2019efficacit\u00e9 de ses actions (par exemple, le nombre de fois o\u00f9 une page est ouverte et les informations consult\u00e9es), ainsi que l\u2019utilisation du Site <a href=\"https:\/\/www.reflexologie-douce.fr\">https:\/\/www.<\/a>reflexologie-douce.fr \u00a0 par l\u2019Utilisateur.<\/p>\n\n<h2 class=\"wp-block-heading\"><strong>Article 9 : DROIT APPLICABLE ET ATTRIBUTION DE JURIDICTION.<br \/><\/strong><\/h2>\n\n<p>Tout litige en relation avec l\u2019utilisation du site <a href=\"https:\/\/www.reflexologie-douce.fr\">https:\/\/www.<\/a>reflexologie-douce.fr\u00a0 est soumis au droit fran\u00e7ais. Il est fait attribution exclusive de juridiction aux tribunaux comp\u00e9tents de Montpellier si\u00e8ge administratif de l\u2019activit\u00e9 de Fran\u00e7oise BERNAL<\/p>\n<h2 class=\"wp-block-heading\"><strong>Article 10 : LES PRINCIPALES LOIS CONCERN\u00c9ES.<br \/><\/strong><\/h2>\n<p>Loi n\u00b0 78-17 du 6 janvier 1978, notamment modifi\u00e9e par la loi n\u00b0 2004-801 du 6 ao\u00fbt 2004 relative \u00e0 l\u2019informatique, aux fichiers et aux libert\u00e9s.<\/p>\n<p>Loi n\u00b0 2004-575 du 21 juin 2004 pour la confiance dans l\u2019\u00e9conomie num\u00e9rique.<\/p>\n<p>Les dispositions du R\u00e8glement G\u00e9n\u00e9ral sur la Protection des Donn\u00e9es <strong>(RGPD\u00a0: n\u00b0 2016-679)<\/strong><\/p>\n\t\t\t\t\t\t\t\t<\/div>\n\t\t\t\t<\/div>\n\t\t\t\t\t<\/div>\n\t\t\t\t<\/div>\n\t\t\t\t\t<\/div>\n\t\t\t\t<\/div>\n\t\t\t\t<\/div>\n\t\t","protected":false},"excerpt":{"rendered":"<p>Mentions l\u00e9gales Article 1 : Pr\u00e9sentation du site En vertu de l\u2019article 6 de la loi n\u00b0 2004-575 du 21 [&hellip;]<\/p>\n","protected":false},"author":2,"featured_media":0,"parent":0,"menu_order":0,"comment_status":"closed","ping_status":"closed","template":"","meta":{"site-sidebar-layout":"no-sidebar","site-content-layout":"","ast-site-content-layout":"full-width-container","site-content-style":"default","site-sidebar-style":"default","ast-global-header-display":"","ast-banner-title-visibility":"","ast-main-header-display":"","ast-hfb-above-header-display":"","ast-hfb-below-header-display":"","ast-hfb-mobile-header-display":"","site-post-title":"disabled","ast-breadcrumbs-content":"","ast-featured-img":"disabled","footer-sml-layout":"","theme-transparent-header-meta":"","adv-header-id-meta":"","stick-header-meta":"","header-above-stick-meta":"","header-main-stick-meta":"","header-below-stick-meta":"","astra-migrate-meta-layouts":"default","ast-page-background-enabled":"default","ast-page-background-meta":{"desktop":{"background-color":"var(--ast-global-color-5)","background-image":"","background-repeat":"repeat","background-position":"center center","background-size":"auto","background-attachment":"scroll","background-type":"","background-media":"","overlay-type":"","overlay-color":"","overlay-opacity":"","overlay-gradient":""},"tablet":{"background-color":"","background-image":"","background-repeat":"repeat","background-position":"center center","background-size":"auto","background-attachment":"scroll","background-type":"","background-media":"","overlay-type":"","overlay-color":"","overlay-opacity":"","overlay-gradient":""},"mobile":{"background-color":"","background-image":"","background-repeat":"repeat","background-position":"center center","background-size":"auto","background-attachment":"scroll","background-type":"","background-media":"","overlay-type":"","overlay-color":"","overlay-opacity":"","overlay-gradient":""}},"ast-content-background-meta":{"desktop":{"background-color":"var(--ast-global-color-4)","background-image":"","background-repeat":"repeat","background-position":"center center","background-size":"auto","background-attachment":"scroll","background-type":"","background-media":"","overlay-type":"","overlay-color":"","overlay-opacity":"","overlay-gradient":""},"tablet":{"background-color":"var(--ast-global-color-4)","background-image":"","background-repeat":"repeat","background-position":"center center","background-size":"auto","background-attachment":"scroll","background-type":"","background-media":"","overlay-type":"","overlay-color":"","overlay-opacity":"","overlay-gradient":""},"mobile":{"background-color":"var(--ast-global-color-4)","background-image":"","background-repeat":"repeat","background-position":"center center","background-size":"auto","background-attachment":"scroll","background-type":"","background-media":"","overlay-type":"","overlay-color":"","overlay-opacity":"","overlay-gradient":""}},"footnotes":""},"class_list":["post-9384","page","type-page","status-publish","hentry"],"_links":{"self":[{"href":"https:\/\/reflexologie-douce.fr\/accueil\/wp-json\/wp\/v2\/pages\/9384","targetHints":{"allow":["GET"]}}],"collection":[{"href":"https:\/\/reflexologie-douce.fr\/accueil\/wp-json\/wp\/v2\/pages"}],"about":[{"href":"https:\/\/reflexologie-douce.fr\/accueil\/wp-json\/wp\/v2\/types\/page"}],"author":[{"embeddable":true,"href":"https:\/\/reflexologie-douce.fr\/accueil\/wp-json\/wp\/v2\/users\/2"}],"replies":[{"embeddable":true,"href":"https:\/\/reflexologie-douce.fr\/accueil\/wp-json\/wp\/v2\/comments?post=9384"}],"version-history":[{"count":42,"href":"https:\/\/reflexologie-douce.fr\/accueil\/wp-json\/wp\/v2\/pages\/9384\/revisions"}],"predecessor-version":[{"id":10711,"href":"https:\/\/reflexologie-douce.fr\/accueil\/wp-json\/wp\/v2\/pages\/9384\/revisions\/10711"}],"wp:attachment":[{"href":"https:\/\/reflexologie-douce.fr\/accueil\/wp-json\/wp\/v2\/media?parent=9384"}],"curies":[{"name":"wp","href":"https:\/\/api.w.org\/{rel}","templated":true}]}}